{"id":1181,"date":"2025-08-23T17:58:43","date_gmt":"2025-08-23T10:58:43","guid":{"rendered":"https:\/\/hdhotel.builderfly.net\/?post_type=product&#038;p=1181"},"modified":"2025-08-25T07:39:46","modified_gmt":"2025-08-25T00:39:46","slug":"ga-hai-san-ambassador-ha-long","status":"publish","type":"product","link":"https:\/\/hdhotel.builderfly.net\/en\/khach-san\/ga-hai-san-ambassador-ha-long\/","title":{"rendered":"Ambassador Ha Long Seafood Station"},"content":{"rendered":"","protected":false},"excerpt":{"rendered":"<p>T\u1ecda l\u1ea1c t\u1ea1i th\u00e0nh ph\u1ed1 H\u1ea1 Long, c\u00e1ch B\u00e3i bi\u1ec3n Tu\u1ea7n Ch\u00e2u 600 m, Ga H\u1ea3i S\u1ea3i Ambassador Cruise Halong cung c\u1ea5p ch\u1ed7 ngh\u1ec9 v\u1edbi nh\u00e0 h\u00e0ng, ch\u1ed7 \u0111\u1ed7 xe ri\u00eang mi\u1ec5n ph\u00ed, qu\u00e1n bar v\u00e0 s\u00e2n hi\u00ean,&#8230;mang \u0111\u1ebfn tr\u1ea3i nghi\u1ec7m tuy\u1ec7t v\u1eddi cho du kh\u00e1ch du l\u1ecbch.<\/p>","protected":false},"featured_media":1188,"comment_status":"open","ping_status":"closed","template":"","meta":[],"product_brand":[22],"product_cat":[15,17],"product_tag":[],"class_list":{"0":"post-1181","1":"product","2":"type-product","3":"status-publish","4":"has-post-thumbnail","6":"product_brand-ha-long","7":"product_cat-roh","8":"product_cat-can-ho","10":"first","11":"outofstock","12":"shipping-taxable","13":"product-type-variable"},"yoast_head":"<!-- This site is optimized with the Yoast SEO plugin v25.8 - https:\/\/yoast.com\/wordpress\/plugins\/seo\/ -->\n<title>Ga H\u1ea3i S\u1ea3n Ambassador H\u1ea1 Long - HD Hotel<\/title>\n<meta name=\"robots\" content=\"noindex, follow, max-snippet:-1, max-image-preview:large, max-video-preview:-1\" \/>\n<meta property=\"og:locale\" content=\"en_US\" \/>\n<meta property=\"og:type\" content=\"article\" \/>\n<meta property=\"og:title\" content=\"Ga H\u1ea3i S\u1ea3n Ambassador H\u1ea1 Long - HD Hotel\" \/>\n<meta property=\"og:description\" content=\"T\u1ecda l\u1ea1c t\u1ea1i th\u00e0nh ph\u1ed1 H\u1ea1 Long, c\u00e1ch B\u00e3i bi\u1ec3n Tu\u1ea7n Ch\u00e2u 600 m, Ga H\u1ea3i S\u1ea3i Ambassador Cruise Halong cung c\u1ea5p ch\u1ed7 ngh\u1ec9 v\u1edbi nh\u00e0 h\u00e0ng, ch\u1ed7 \u0111\u1ed7 xe ri\u00eang mi\u1ec5n ph\u00ed, qu\u00e1n bar v\u00e0 s\u00e2n hi\u00ean,...mang \u0111\u1ebfn tr\u1ea3i nghi\u1ec7m tuy\u1ec7t v\u1eddi cho du kh\u00e1ch du l\u1ecbch.\" \/>\n<meta property=\"og:url\" content=\"https:\/\/hdhotel.builderfly.net\/en\/khach-san\/ga-hai-san-ambassador-ha-long\/\" \/>\n<meta property=\"og:site_name\" content=\"HD Hotel\" \/>\n<meta property=\"article:modified_time\" content=\"2025-08-25T00:39:46+00:00\" \/>\n<meta property=\"og:image\" content=\"https:\/\/hdhotel.builderfly.net\/wp-content\/uploads\/2025\/08\/ga-hai-san.webp\" \/>\n\t<meta property=\"og:image:width\" content=\"1024\" \/>\n\t<meta property=\"og:image:height\" content=\"683\" \/>\n\t<meta property=\"og:image:type\" content=\"image\/webp\" \/>\n<meta name=\"twitter:card\" content=\"summary_large_image\" \/>\n<meta name=\"twitter:label1\" content=\"Est. reading time\" \/>\n\t<meta name=\"twitter:data1\" content=\"1 minute\" \/>\n<script type=\"application\/ld+json\" class=\"yoast-schema-graph\">{\"@context\":\"https:\/\/schema.org\",\"@graph\":[{\"@type\":\"WebPage\",\"@id\":\"https:\/\/hdhotel.builderfly.net\/khach-san\/ga-hai-san-ambassador-ha-long\/\",\"url\":\"https:\/\/hdhotel.builderfly.net\/khach-san\/ga-hai-san-ambassador-ha-long\/\",\"name\":\"Ga H\u1ea3i S\u1ea3n Ambassador H\u1ea1 Long - HD Hotel\",\"isPartOf\":{\"@id\":\"https:\/\/hdhotel.builderfly.net\/#website\"},\"primaryImageOfPage\":{\"@id\":\"https:\/\/hdhotel.builderfly.net\/khach-san\/ga-hai-san-ambassador-ha-long\/#primaryimage\"},\"image\":{\"@id\":\"https:\/\/hdhotel.builderfly.net\/khach-san\/ga-hai-san-ambassador-ha-long\/#primaryimage\"},\"thumbnailUrl\":\"https:\/\/hdhotel.builderfly.net\/wp-content\/uploads\/2025\/08\/ga-hai-san.webp\",\"datePublished\":\"2025-08-23T10:58:43+00:00\",\"dateModified\":\"2025-08-25T00:39:46+00:00\",\"breadcrumb\":{\"@id\":\"https:\/\/hdhotel.builderfly.net\/khach-san\/ga-hai-san-ambassador-ha-long\/#breadcrumb\"},\"inLanguage\":\"en-US\",\"potentialAction\":[{\"@type\":\"ReadAction\",\"target\":[\"https:\/\/hdhotel.builderfly.net\/khach-san\/ga-hai-san-ambassador-ha-long\/\"]}]},{\"@type\":\"ImageObject\",\"inLanguage\":\"en-US\",\"@id\":\"https:\/\/hdhotel.builderfly.net\/khach-san\/ga-hai-san-ambassador-ha-long\/#primaryimage\",\"url\":\"https:\/\/hdhotel.builderfly.net\/wp-content\/uploads\/2025\/08\/ga-hai-san.webp\",\"contentUrl\":\"https:\/\/hdhotel.builderfly.net\/wp-content\/uploads\/2025\/08\/ga-hai-san.webp\",\"width\":1024,\"height\":683,\"caption\":\"Ga H\u1ea3i S\u1ea3n Ambassador H\u1ea1 Long\"},{\"@type\":\"BreadcrumbList\",\"@id\":\"https:\/\/hdhotel.builderfly.net\/khach-san\/ga-hai-san-ambassador-ha-long\/#breadcrumb\",\"itemListElement\":[{\"@type\":\"ListItem\",\"position\":1,\"name\":\"Trang ch\u1ee7\",\"item\":\"https:\/\/hdhotel.builderfly.net\/\"},{\"@type\":\"ListItem\",\"position\":2,\"name\":\"Lo\u1ea1i h\u00ecnh l\u01b0u tr\u00fa\",\"item\":\"https:\/\/hdhotel.builderfly.net\/loai-hinh-luu-tru\/\"},{\"@type\":\"ListItem\",\"position\":3,\"name\":\"Ga H\u1ea3i S\u1ea3n Ambassador H\u1ea1 Long\"}]},{\"@type\":\"WebSite\",\"@id\":\"https:\/\/hdhotel.builderfly.net\/#website\",\"url\":\"https:\/\/hdhotel.builderfly.net\/\",\"name\":\"HD Hotel\",\"description\":\"\",\"publisher\":{\"@id\":\"https:\/\/hdhotel.builderfly.net\/#organization\"},\"potentialAction\":[{\"@type\":\"SearchAction\",\"target\":{\"@type\":\"EntryPoint\",\"urlTemplate\":\"https:\/\/hdhotel.builderfly.net\/?s={search_term_string}\"},\"query-input\":{\"@type\":\"PropertyValueSpecification\",\"valueRequired\":true,\"valueName\":\"search_term_string\"}}],\"inLanguage\":\"en-US\"},{\"@type\":\"Organization\",\"@id\":\"https:\/\/hdhotel.builderfly.net\/#organization\",\"name\":\"HD Hotel\",\"url\":\"https:\/\/hdhotel.builderfly.net\/\",\"logo\":{\"@type\":\"ImageObject\",\"inLanguage\":\"en-US\",\"@id\":\"https:\/\/hdhotel.builderfly.net\/#\/schema\/logo\/image\/\",\"url\":\"https:\/\/hdhotel.builderfly.net\/wp-content\/uploads\/2025\/08\/trung-dung-hotel-black.png\",\"contentUrl\":\"https:\/\/hdhotel.builderfly.net\/wp-content\/uploads\/2025\/08\/trung-dung-hotel-black.png\",\"width\":342,\"height\":65,\"caption\":\"HD Hotel\"},\"image\":{\"@id\":\"https:\/\/hdhotel.builderfly.net\/#\/schema\/logo\/image\/\"}}]}<\/script>\n<!-- \/ Yoast SEO plugin. -->","yoast_head_json":{"title":"Ga H\u1ea3i S\u1ea3n Ambassador H\u1ea1 Long - HD Hotel","robots":{"index":"noindex","follow":"follow","max-snippet":"max-snippet:-1","max-image-preview":"max-image-preview:large","max-video-preview":"max-video-preview:-1"},"og_locale":"en_US","og_type":"article","og_title":"Ga H\u1ea3i S\u1ea3n Ambassador H\u1ea1 Long - HD Hotel","og_description":"T\u1ecda l\u1ea1c t\u1ea1i th\u00e0nh ph\u1ed1 H\u1ea1 Long, c\u00e1ch B\u00e3i bi\u1ec3n Tu\u1ea7n Ch\u00e2u 600 m, Ga H\u1ea3i S\u1ea3i Ambassador Cruise Halong cung c\u1ea5p ch\u1ed7 ngh\u1ec9 v\u1edbi nh\u00e0 h\u00e0ng, ch\u1ed7 \u0111\u1ed7 xe ri\u00eang mi\u1ec5n ph\u00ed, qu\u00e1n bar v\u00e0 s\u00e2n hi\u00ean,...mang \u0111\u1ebfn tr\u1ea3i nghi\u1ec7m tuy\u1ec7t v\u1eddi cho du kh\u00e1ch du l\u1ecbch.","og_url":"https:\/\/hdhotel.builderfly.net\/en\/khach-san\/ga-hai-san-ambassador-ha-long\/","og_site_name":"HD Hotel","article_modified_time":"2025-08-25T00:39:46+00:00","og_image":[{"width":1024,"height":683,"url":"https:\/\/hdhotel.builderfly.net\/wp-content\/uploads\/2025\/08\/ga-hai-san.webp","type":"image\/webp"}],"twitter_card":"summary_large_image","twitter_misc":{"Est. reading time":"1 minute"},"schema":{"@context":"https:\/\/schema.org","@graph":[{"@type":"WebPage","@id":"https:\/\/hdhotel.builderfly.net\/khach-san\/ga-hai-san-ambassador-ha-long\/","url":"https:\/\/hdhotel.builderfly.net\/khach-san\/ga-hai-san-ambassador-ha-long\/","name":"Ga H\u1ea3i S\u1ea3n Ambassador H\u1ea1 Long - HD Hotel","isPartOf":{"@id":"https:\/\/hdhotel.builderfly.net\/#website"},"primaryImageOfPage":{"@id":"https:\/\/hdhotel.builderfly.net\/khach-san\/ga-hai-san-ambassador-ha-long\/#primaryimage"},"image":{"@id":"https:\/\/hdhotel.builderfly.net\/khach-san\/ga-hai-san-ambassador-ha-long\/#primaryimage"},"thumbnailUrl":"https:\/\/hdhotel.builderfly.net\/wp-content\/uploads\/2025\/08\/ga-hai-san.webp","datePublished":"2025-08-23T10:58:43+00:00","dateModified":"2025-08-25T00:39:46+00:00","breadcrumb":{"@id":"https:\/\/hdhotel.builderfly.net\/khach-san\/ga-hai-san-ambassador-ha-long\/#breadcrumb"},"inLanguage":"en-US","potentialAction":[{"@type":"ReadAction","target":["https:\/\/hdhotel.builderfly.net\/khach-san\/ga-hai-san-ambassador-ha-long\/"]}]},{"@type":"ImageObject","inLanguage":"en-US","@id":"https:\/\/hdhotel.builderfly.net\/khach-san\/ga-hai-san-ambassador-ha-long\/#primaryimage","url":"https:\/\/hdhotel.builderfly.net\/wp-content\/uploads\/2025\/08\/ga-hai-san.webp","contentUrl":"https:\/\/hdhotel.builderfly.net\/wp-content\/uploads\/2025\/08\/ga-hai-san.webp","width":1024,"height":683,"caption":"Ga H\u1ea3i S\u1ea3n Ambassador H\u1ea1 Long"},{"@type":"BreadcrumbList","@id":"https:\/\/hdhotel.builderfly.net\/khach-san\/ga-hai-san-ambassador-ha-long\/#breadcrumb","itemListElement":[{"@type":"ListItem","position":1,"name":"Trang ch\u1ee7","item":"https:\/\/hdhotel.builderfly.net\/"},{"@type":"ListItem","position":2,"name":"Lo\u1ea1i h\u00ecnh l\u01b0u tr\u00fa","item":"https:\/\/hdhotel.builderfly.net\/loai-hinh-luu-tru\/"},{"@type":"ListItem","position":3,"name":"Ga H\u1ea3i S\u1ea3n Ambassador H\u1ea1 Long"}]},{"@type":"WebSite","@id":"https:\/\/hdhotel.builderfly.net\/#website","url":"https:\/\/hdhotel.builderfly.net\/","name":"HD Hotel","description":"","publisher":{"@id":"https:\/\/hdhotel.builderfly.net\/#organization"},"potentialAction":[{"@type":"SearchAction","target":{"@type":"EntryPoint","urlTemplate":"https:\/\/hdhotel.builderfly.net\/?s={search_term_string}"},"query-input":{"@type":"PropertyValueSpecification","valueRequired":true,"valueName":"search_term_string"}}],"inLanguage":"en-US"},{"@type":"Organization","@id":"https:\/\/hdhotel.builderfly.net\/#organization","name":"HD Hotel","url":"https:\/\/hdhotel.builderfly.net\/","logo":{"@type":"ImageObject","inLanguage":"en-US","@id":"https:\/\/hdhotel.builderfly.net\/#\/schema\/logo\/image\/","url":"https:\/\/hdhotel.builderfly.net\/wp-content\/uploads\/2025\/08\/trung-dung-hotel-black.png","contentUrl":"https:\/\/hdhotel.builderfly.net\/wp-content\/uploads\/2025\/08\/trung-dung-hotel-black.png","width":342,"height":65,"caption":"HD Hotel"},"image":{"@id":"https:\/\/hdhotel.builderfly.net\/#\/schema\/logo\/image\/"}}]}},"_links":{"self":[{"href":"https:\/\/hdhotel.builderfly.net\/en\/wp-json\/wp\/v2\/product\/1181","targetHints":{"allow":["GET"]}}],"collection":[{"href":"https:\/\/hdhotel.builderfly.net\/en\/wp-json\/wp\/v2\/product"}],"about":[{"href":"https:\/\/hdhotel.builderfly.net\/en\/wp-json\/wp\/v2\/types\/product"}],"replies":[{"embeddable":true,"href":"https:\/\/hdhotel.builderfly.net\/en\/wp-json\/wp\/v2\/comments?post=1181"}],"wp:featuredmedia":[{"embeddable":true,"href":"https:\/\/hdhotel.builderfly.net\/en\/wp-json\/wp\/v2\/media\/1188"}],"wp:attachment":[{"href":"https:\/\/hdhotel.builderfly.net\/en\/wp-json\/wp\/v2\/media?parent=1181"}],"wp:term":[{"taxonomy":"product_brand","embeddable":true,"href":"https:\/\/hdhotel.builderfly.net\/en\/wp-json\/wp\/v2\/product_brand?post=1181"},{"taxonomy":"product_cat","embeddable":true,"href":"https:\/\/hdhotel.builderfly.net\/en\/wp-json\/wp\/v2\/product_cat?post=1181"},{"taxonomy":"product_tag","embeddable":true,"href":"https:\/\/hdhotel.builderfly.net\/en\/wp-json\/wp\/v2\/product_tag?post=1181"}],"curies":[{"name":"wp","href":"https:\/\/api.w.org\/{rel}","templated":true}]}}