{"id":1235,"date":"2025-08-23T18:33:08","date_gmt":"2025-08-23T11:33:08","guid":{"rendered":"https:\/\/hdhotel.builderfly.net\/?post_type=product&#038;p=1235"},"modified":"2025-08-24T01:24:16","modified_gmt":"2025-08-23T18:24:16","slug":"royal-lotus-hotel-ha-noi","status":"publish","type":"product","link":"https:\/\/hdhotel.builderfly.net\/en\/khach-san\/royal-lotus-hotel-ha-noi\/","title":{"rendered":"Royal Lotus Hotel Hanoi"},"content":{"rendered":"","protected":false},"excerpt":{"rendered":"<p>T\u1ecda l\u1ea1c \u1edf Ha\u0300 N\u00f4\u0323i, c\u00e1ch Trung t\u00e2m th\u01b0\u01a1ng m\u1ea1i Vincom Nguy\u1ec5n Ch\u00ed Thanh 2.5 km, Royal Lotus Hotel cung c\u1ea5p ch\u1ed7 ngh\u1ec9 c\u00f3 ph\u00f2ng ch\u1edd chung, ch\u1ed7 \u0111\u1eadu xe ri\u00eang mi\u1ec5n ph\u00ed v\u00e0 s\u00e2n hi\u00ean. Kh\u00e1ch s\u1ea1n 3 sao n\u00e0y c\u00f3 qu\u1ea7y l\u1ec5 t\u00e2n 24 gi\u1edd v\u00e0 ph\u00f2ng gi\u1eef ha\u0300nh ly\u0301. Ch\u1ed7 ngh\u1ec9 n\u00e0y cung c\u1ea5p b\u1ebfp chung, d\u1ecbch v\u1ee5 ph\u00f2ng v\u00e0 d\u1ecbch v\u1ee5 thu \u0111\u1ed5i ngo\u1ea1i t\u1ec7 cho kh\u00e1ch.<\/p>\n<p>C\u00e1c ph\u00f2ng \u0111\u01b0\u1ee3c trang b\u1ecb \u0111i\u1ec1u h\u00f2a, TV m\u00e0n h\u00ecnh ph\u1eb3ng c\u00f3 truy\u1ec1n h\u00ecnh c\u00e1p, t\u1ee7 l\u1ea1nh, \u1ea5m \u0111un n\u01b0\u1edbc, v\u00f2i sen, \u0111\u1ed3 v\u1ec7 sinh c\u00e1 nh\u00e2n mi\u1ec5n ph\u00ed v\u00e0 b\u00e0n l\u00e0m vi\u1ec7c. T\u1ea1i kh\u00e1ch s\u1ea1n, t\u1ea5t c\u1ea3 c\u00e1c ph\u00f2ng \u0111\u1ec1u \u0111\u01b0\u1ee3c thi\u1ebft k\u1ebf c\u00f3 ga tr\u1ea3i gi\u01b0\u1eddng v\u00e0 kh\u0103n t\u1eafm.<\/p>\n<p>Royal Lotus Hotel c\u00e1ch B\u1ea3o t\u00e0ng m\u1ef9 thu\u1eadt Vi\u1ec7t Nam 4.2 km v\u00e0 V\u0103n Mi\u1ebfu &#8211; Qu\u1ed1c T\u1eed Gi\u00e1m 4.3 km. Ch\u1ed7 ngh\u1ec9 c\u00e1ch S\u00e2n bay Qu\u1ed1c t\u1ebf N\u1ed9i B\u00e0i 26 km v\u00e0 cung c\u1ea5p d\u1ecbch v\u1ee5 \u0111\u01b0a \u0111\u00f3n s\u00e2n bay m\u1ea5t ph\u00ed.<\/p>","protected":false},"featured_media":1242,"comment_status":"open","ping_status":"closed","template":"","meta":[],"product_brand":[23],"product_cat":[15,17],"product_tag":[],"class_list":{"0":"post-1235","1":"product","2":"type-product","3":"status-publish","4":"has-post-thumbnail","6":"product_brand-ha-noi","7":"product_cat-roh","8":"product_cat-can-ho","10":"first","11":"outofstock","12":"shipping-taxable","13":"product-type-variable"},"yoast_head":"<!-- This site is optimized with the Yoast SEO plugin v25.8 - https:\/\/yoast.com\/wordpress\/plugins\/seo\/ -->\n<title>Royal Lotus Hotel H\u00e0 N\u1ed9i - HD Hotel<\/title>\n<meta name=\"robots\" content=\"noindex, follow, max-snippet:-1, max-image-preview:large, max-video-preview:-1\" \/>\n<meta property=\"og:locale\" content=\"en_US\" \/>\n<meta property=\"og:type\" content=\"article\" \/>\n<meta property=\"og:title\" content=\"Royal Lotus Hotel H\u00e0 N\u1ed9i - HD Hotel\" \/>\n<meta property=\"og:description\" content=\"T\u1ecda l\u1ea1c \u1edf Ha\u0300 N\u00f4\u0323i, c\u00e1ch Trung t\u00e2m th\u01b0\u01a1ng m\u1ea1i Vincom Nguy\u1ec5n Ch\u00ed Thanh 2.5 km, Royal Lotus Hotel cung c\u1ea5p ch\u1ed7 ngh\u1ec9 c\u00f3 ph\u00f2ng ch\u1edd chung, ch\u1ed7 \u0111\u1eadu xe ri\u00eang mi\u1ec5n ph\u00ed v\u00e0 s\u00e2n hi\u00ean. Kh\u00e1ch s\u1ea1n 3 sao n\u00e0y c\u00f3 qu\u1ea7y l\u1ec5 t\u00e2n 24 gi\u1edd v\u00e0 ph\u00f2ng gi\u1eef ha\u0300nh ly\u0301. Ch\u1ed7 ngh\u1ec9 n\u00e0y cung c\u1ea5p b\u1ebfp chung, d\u1ecbch v\u1ee5 ph\u00f2ng v\u00e0 d\u1ecbch v\u1ee5 thu \u0111\u1ed5i ngo\u1ea1i t\u1ec7 cho kh\u00e1ch.  C\u00e1c ph\u00f2ng \u0111\u01b0\u1ee3c trang b\u1ecb \u0111i\u1ec1u h\u00f2a, TV m\u00e0n h\u00ecnh ph\u1eb3ng c\u00f3 truy\u1ec1n h\u00ecnh c\u00e1p, t\u1ee7 l\u1ea1nh, \u1ea5m \u0111un n\u01b0\u1edbc, v\u00f2i sen, \u0111\u1ed3 v\u1ec7 sinh c\u00e1 nh\u00e2n mi\u1ec5n ph\u00ed v\u00e0 b\u00e0n l\u00e0m vi\u1ec7c. T\u1ea1i kh\u00e1ch s\u1ea1n, t\u1ea5t c\u1ea3 c\u00e1c ph\u00f2ng \u0111\u1ec1u \u0111\u01b0\u1ee3c thi\u1ebft k\u1ebf c\u00f3 ga tr\u1ea3i gi\u01b0\u1eddng v\u00e0 kh\u0103n t\u1eafm.  Royal Lotus Hotel c\u00e1ch B\u1ea3o t\u00e0ng m\u1ef9 thu\u1eadt Vi\u1ec7t Nam 4.2 km v\u00e0 V\u0103n Mi\u1ebfu - Qu\u1ed1c T\u1eed Gi\u00e1m 4.3 km. Ch\u1ed7 ngh\u1ec9 c\u00e1ch S\u00e2n bay Qu\u1ed1c t\u1ebf N\u1ed9i B\u00e0i 26 km v\u00e0 cung c\u1ea5p d\u1ecbch v\u1ee5 \u0111\u01b0a \u0111\u00f3n s\u00e2n bay m\u1ea5t ph\u00ed.\" \/>\n<meta property=\"og:url\" content=\"https:\/\/hdhotel.builderfly.net\/en\/khach-san\/royal-lotus-hotel-ha-noi\/\" \/>\n<meta property=\"og:site_name\" content=\"HD Hotel\" \/>\n<meta property=\"article:modified_time\" content=\"2025-08-23T18:24:16+00:00\" \/>\n<meta property=\"og:image\" content=\"https:\/\/hdhotel.builderfly.net\/wp-content\/uploads\/2025\/08\/Royal-Lotus-Hotel-Ha-Noi.webp\" \/>\n\t<meta property=\"og:image:width\" content=\"1024\" \/>\n\t<meta property=\"og:image:height\" content=\"683\" \/>\n\t<meta property=\"og:image:type\" content=\"image\/webp\" \/>\n<meta name=\"twitter:card\" content=\"summary_large_image\" \/>\n<meta name=\"twitter:label1\" content=\"Est. reading time\" \/>\n\t<meta name=\"twitter:data1\" content=\"1 minute\" \/>\n<script type=\"application\/ld+json\" class=\"yoast-schema-graph\">{\"@context\":\"https:\/\/schema.org\",\"@graph\":[{\"@type\":\"WebPage\",\"@id\":\"https:\/\/hdhotel.builderfly.net\/khach-san\/royal-lotus-hotel-ha-noi\/\",\"url\":\"https:\/\/hdhotel.builderfly.net\/khach-san\/royal-lotus-hotel-ha-noi\/\",\"name\":\"Royal Lotus Hotel H\u00e0 N\u1ed9i - HD Hotel\",\"isPartOf\":{\"@id\":\"https:\/\/hdhotel.builderfly.net\/#website\"},\"primaryImageOfPage\":{\"@id\":\"https:\/\/hdhotel.builderfly.net\/khach-san\/royal-lotus-hotel-ha-noi\/#primaryimage\"},\"image\":{\"@id\":\"https:\/\/hdhotel.builderfly.net\/khach-san\/royal-lotus-hotel-ha-noi\/#primaryimage\"},\"thumbnailUrl\":\"https:\/\/hdhotel.builderfly.net\/wp-content\/uploads\/2025\/08\/Royal-Lotus-Hotel-Ha-Noi.webp\",\"datePublished\":\"2025-08-23T11:33:08+00:00\",\"dateModified\":\"2025-08-23T18:24:16+00:00\",\"breadcrumb\":{\"@id\":\"https:\/\/hdhotel.builderfly.net\/khach-san\/royal-lotus-hotel-ha-noi\/#breadcrumb\"},\"inLanguage\":\"en-US\",\"potentialAction\":[{\"@type\":\"ReadAction\",\"target\":[\"https:\/\/hdhotel.builderfly.net\/khach-san\/royal-lotus-hotel-ha-noi\/\"]}]},{\"@type\":\"ImageObject\",\"inLanguage\":\"en-US\",\"@id\":\"https:\/\/hdhotel.builderfly.net\/khach-san\/royal-lotus-hotel-ha-noi\/#primaryimage\",\"url\":\"https:\/\/hdhotel.builderfly.net\/wp-content\/uploads\/2025\/08\/Royal-Lotus-Hotel-Ha-Noi.webp\",\"contentUrl\":\"https:\/\/hdhotel.builderfly.net\/wp-content\/uploads\/2025\/08\/Royal-Lotus-Hotel-Ha-Noi.webp\",\"width\":1024,\"height\":683,\"caption\":\"Royal Lotus Hotel H\u00e0 N\u1ed9i\"},{\"@type\":\"BreadcrumbList\",\"@id\":\"https:\/\/hdhotel.builderfly.net\/khach-san\/royal-lotus-hotel-ha-noi\/#breadcrumb\",\"itemListElement\":[{\"@type\":\"ListItem\",\"position\":1,\"name\":\"Trang ch\u1ee7\",\"item\":\"https:\/\/hdhotel.builderfly.net\/\"},{\"@type\":\"ListItem\",\"position\":2,\"name\":\"Lo\u1ea1i h\u00ecnh l\u01b0u tr\u00fa\",\"item\":\"https:\/\/hdhotel.builderfly.net\/loai-hinh-luu-tru\/\"},{\"@type\":\"ListItem\",\"position\":3,\"name\":\"Royal Lotus Hotel H\u00e0 N\u1ed9i\"}]},{\"@type\":\"WebSite\",\"@id\":\"https:\/\/hdhotel.builderfly.net\/#website\",\"url\":\"https:\/\/hdhotel.builderfly.net\/\",\"name\":\"HD Hotel\",\"description\":\"\",\"publisher\":{\"@id\":\"https:\/\/hdhotel.builderfly.net\/#organization\"},\"potentialAction\":[{\"@type\":\"SearchAction\",\"target\":{\"@type\":\"EntryPoint\",\"urlTemplate\":\"https:\/\/hdhotel.builderfly.net\/?s={search_term_string}\"},\"query-input\":{\"@type\":\"PropertyValueSpecification\",\"valueRequired\":true,\"valueName\":\"search_term_string\"}}],\"inLanguage\":\"en-US\"},{\"@type\":\"Organization\",\"@id\":\"https:\/\/hdhotel.builderfly.net\/#organization\",\"name\":\"HD Hotel\",\"url\":\"https:\/\/hdhotel.builderfly.net\/\",\"logo\":{\"@type\":\"ImageObject\",\"inLanguage\":\"en-US\",\"@id\":\"https:\/\/hdhotel.builderfly.net\/#\/schema\/logo\/image\/\",\"url\":\"https:\/\/hdhotel.builderfly.net\/wp-content\/uploads\/2025\/08\/trung-dung-hotel-black.png\",\"contentUrl\":\"https:\/\/hdhotel.builderfly.net\/wp-content\/uploads\/2025\/08\/trung-dung-hotel-black.png\",\"width\":342,\"height\":65,\"caption\":\"HD Hotel\"},\"image\":{\"@id\":\"https:\/\/hdhotel.builderfly.net\/#\/schema\/logo\/image\/\"}}]}<\/script>\n<!-- \/ Yoast SEO plugin. -->","yoast_head_json":{"title":"Royal Lotus Hotel H\u00e0 N\u1ed9i - HD Hotel","robots":{"index":"noindex","follow":"follow","max-snippet":"max-snippet:-1","max-image-preview":"max-image-preview:large","max-video-preview":"max-video-preview:-1"},"og_locale":"en_US","og_type":"article","og_title":"Royal Lotus Hotel H\u00e0 N\u1ed9i - HD Hotel","og_description":"T\u1ecda l\u1ea1c \u1edf Ha\u0300 N\u00f4\u0323i, c\u00e1ch Trung t\u00e2m th\u01b0\u01a1ng m\u1ea1i Vincom Nguy\u1ec5n Ch\u00ed Thanh 2.5 km, Royal Lotus Hotel cung c\u1ea5p ch\u1ed7 ngh\u1ec9 c\u00f3 ph\u00f2ng ch\u1edd chung, ch\u1ed7 \u0111\u1eadu xe ri\u00eang mi\u1ec5n ph\u00ed v\u00e0 s\u00e2n hi\u00ean. Kh\u00e1ch s\u1ea1n 3 sao n\u00e0y c\u00f3 qu\u1ea7y l\u1ec5 t\u00e2n 24 gi\u1edd v\u00e0 ph\u00f2ng gi\u1eef ha\u0300nh ly\u0301. Ch\u1ed7 ngh\u1ec9 n\u00e0y cung c\u1ea5p b\u1ebfp chung, d\u1ecbch v\u1ee5 ph\u00f2ng v\u00e0 d\u1ecbch v\u1ee5 thu \u0111\u1ed5i ngo\u1ea1i t\u1ec7 cho kh\u00e1ch.  C\u00e1c ph\u00f2ng \u0111\u01b0\u1ee3c trang b\u1ecb \u0111i\u1ec1u h\u00f2a, TV m\u00e0n h\u00ecnh ph\u1eb3ng c\u00f3 truy\u1ec1n h\u00ecnh c\u00e1p, t\u1ee7 l\u1ea1nh, \u1ea5m \u0111un n\u01b0\u1edbc, v\u00f2i sen, \u0111\u1ed3 v\u1ec7 sinh c\u00e1 nh\u00e2n mi\u1ec5n ph\u00ed v\u00e0 b\u00e0n l\u00e0m vi\u1ec7c. T\u1ea1i kh\u00e1ch s\u1ea1n, t\u1ea5t c\u1ea3 c\u00e1c ph\u00f2ng \u0111\u1ec1u \u0111\u01b0\u1ee3c thi\u1ebft k\u1ebf c\u00f3 ga tr\u1ea3i gi\u01b0\u1eddng v\u00e0 kh\u0103n t\u1eafm.  Royal Lotus Hotel c\u00e1ch B\u1ea3o t\u00e0ng m\u1ef9 thu\u1eadt Vi\u1ec7t Nam 4.2 km v\u00e0 V\u0103n Mi\u1ebfu - Qu\u1ed1c T\u1eed Gi\u00e1m 4.3 km. Ch\u1ed7 ngh\u1ec9 c\u00e1ch S\u00e2n bay Qu\u1ed1c t\u1ebf N\u1ed9i B\u00e0i 26 km v\u00e0 cung c\u1ea5p d\u1ecbch v\u1ee5 \u0111\u01b0a \u0111\u00f3n s\u00e2n bay m\u1ea5t ph\u00ed.","og_url":"https:\/\/hdhotel.builderfly.net\/en\/khach-san\/royal-lotus-hotel-ha-noi\/","og_site_name":"HD Hotel","article_modified_time":"2025-08-23T18:24:16+00:00","og_image":[{"width":1024,"height":683,"url":"https:\/\/hdhotel.builderfly.net\/wp-content\/uploads\/2025\/08\/Royal-Lotus-Hotel-Ha-Noi.webp","type":"image\/webp"}],"twitter_card":"summary_large_image","twitter_misc":{"Est. reading time":"1 minute"},"schema":{"@context":"https:\/\/schema.org","@graph":[{"@type":"WebPage","@id":"https:\/\/hdhotel.builderfly.net\/khach-san\/royal-lotus-hotel-ha-noi\/","url":"https:\/\/hdhotel.builderfly.net\/khach-san\/royal-lotus-hotel-ha-noi\/","name":"Royal Lotus Hotel H\u00e0 N\u1ed9i - HD Hotel","isPartOf":{"@id":"https:\/\/hdhotel.builderfly.net\/#website"},"primaryImageOfPage":{"@id":"https:\/\/hdhotel.builderfly.net\/khach-san\/royal-lotus-hotel-ha-noi\/#primaryimage"},"image":{"@id":"https:\/\/hdhotel.builderfly.net\/khach-san\/royal-lotus-hotel-ha-noi\/#primaryimage"},"thumbnailUrl":"https:\/\/hdhotel.builderfly.net\/wp-content\/uploads\/2025\/08\/Royal-Lotus-Hotel-Ha-Noi.webp","datePublished":"2025-08-23T11:33:08+00:00","dateModified":"2025-08-23T18:24:16+00:00","breadcrumb":{"@id":"https:\/\/hdhotel.builderfly.net\/khach-san\/royal-lotus-hotel-ha-noi\/#breadcrumb"},"inLanguage":"en-US","potentialAction":[{"@type":"ReadAction","target":["https:\/\/hdhotel.builderfly.net\/khach-san\/royal-lotus-hotel-ha-noi\/"]}]},{"@type":"ImageObject","inLanguage":"en-US","@id":"https:\/\/hdhotel.builderfly.net\/khach-san\/royal-lotus-hotel-ha-noi\/#primaryimage","url":"https:\/\/hdhotel.builderfly.net\/wp-content\/uploads\/2025\/08\/Royal-Lotus-Hotel-Ha-Noi.webp","contentUrl":"https:\/\/hdhotel.builderfly.net\/wp-content\/uploads\/2025\/08\/Royal-Lotus-Hotel-Ha-Noi.webp","width":1024,"height":683,"caption":"Royal Lotus Hotel H\u00e0 N\u1ed9i"},{"@type":"BreadcrumbList","@id":"https:\/\/hdhotel.builderfly.net\/khach-san\/royal-lotus-hotel-ha-noi\/#breadcrumb","itemListElement":[{"@type":"ListItem","position":1,"name":"Trang ch\u1ee7","item":"https:\/\/hdhotel.builderfly.net\/"},{"@type":"ListItem","position":2,"name":"Lo\u1ea1i h\u00ecnh l\u01b0u tr\u00fa","item":"https:\/\/hdhotel.builderfly.net\/loai-hinh-luu-tru\/"},{"@type":"ListItem","position":3,"name":"Royal Lotus Hotel H\u00e0 N\u1ed9i"}]},{"@type":"WebSite","@id":"https:\/\/hdhotel.builderfly.net\/#website","url":"https:\/\/hdhotel.builderfly.net\/","name":"HD Hotel","description":"","publisher":{"@id":"https:\/\/hdhotel.builderfly.net\/#organization"},"potentialAction":[{"@type":"SearchAction","target":{"@type":"EntryPoint","urlTemplate":"https:\/\/hdhotel.builderfly.net\/?s={search_term_string}"},"query-input":{"@type":"PropertyValueSpecification","valueRequired":true,"valueName":"search_term_string"}}],"inLanguage":"en-US"},{"@type":"Organization","@id":"https:\/\/hdhotel.builderfly.net\/#organization","name":"HD Hotel","url":"https:\/\/hdhotel.builderfly.net\/","logo":{"@type":"ImageObject","inLanguage":"en-US","@id":"https:\/\/hdhotel.builderfly.net\/#\/schema\/logo\/image\/","url":"https:\/\/hdhotel.builderfly.net\/wp-content\/uploads\/2025\/08\/trung-dung-hotel-black.png","contentUrl":"https:\/\/hdhotel.builderfly.net\/wp-content\/uploads\/2025\/08\/trung-dung-hotel-black.png","width":342,"height":65,"caption":"HD Hotel"},"image":{"@id":"https:\/\/hdhotel.builderfly.net\/#\/schema\/logo\/image\/"}}]}},"_links":{"self":[{"href":"https:\/\/hdhotel.builderfly.net\/en\/wp-json\/wp\/v2\/product\/1235","targetHints":{"allow":["GET"]}}],"collection":[{"href":"https:\/\/hdhotel.builderfly.net\/en\/wp-json\/wp\/v2\/product"}],"about":[{"href":"https:\/\/hdhotel.builderfly.net\/en\/wp-json\/wp\/v2\/types\/product"}],"replies":[{"embeddable":true,"href":"https:\/\/hdhotel.builderfly.net\/en\/wp-json\/wp\/v2\/comments?post=1235"}],"wp:featuredmedia":[{"embeddable":true,"href":"https:\/\/hdhotel.builderfly.net\/en\/wp-json\/wp\/v2\/media\/1242"}],"wp:attachment":[{"href":"https:\/\/hdhotel.builderfly.net\/en\/wp-json\/wp\/v2\/media?parent=1235"}],"wp:term":[{"taxonomy":"product_brand","embeddable":true,"href":"https:\/\/hdhotel.builderfly.net\/en\/wp-json\/wp\/v2\/product_brand?post=1235"},{"taxonomy":"product_cat","embeddable":true,"href":"https:\/\/hdhotel.builderfly.net\/en\/wp-json\/wp\/v2\/product_cat?post=1235"},{"taxonomy":"product_tag","embeddable":true,"href":"https:\/\/hdhotel.builderfly.net\/en\/wp-json\/wp\/v2\/product_tag?post=1235"}],"curies":[{"name":"wp","href":"https:\/\/api.w.org\/{rel}","templated":true}]}}